{"id":46,"date":"2026-02-05T22:51:48","date_gmt":"2026-02-05T22:51:48","guid":{"rendered":"https:\/\/blanchedalmond-turkey-682756.hostingersite.com\/buscar-imoveis\/"},"modified":"2026-02-05T22:51:48","modified_gmt":"2026-02-05T22:51:48","slug":"buscar-imoveis","status":"publish","type":"page","link":"https:\/\/guilhermegarciarealtor.com\/en\/buscar-imoveis\/","title":{"rendered":"Buscar Im\u00f3veis"},"content":{"rendered":"<div data-elementor-type=\"wp-page\" data-elementor-id=\"46\" class=\"elementor elementor-46\">\n\t\t\t\t<div class=\"elementor-element elementor-element-7867da8 e-grid e-con-full hostinger-product-list e-con e-parent\" data-id=\"7867da8\" data-element_type=\"container\" data-e-type=\"container\">\n\t\t<div class=\"elementor-element elementor-element-87f2589 e-flex e-con-boxed e-con e-child\" data-id=\"87f2589\" data-element_type=\"container\" data-e-type=\"container\">\n\t\t\t\t\t<div class=\"e-con-inner\">\n\t\t\t\t<div class=\"elementor-element elementor-element-ffc2b31 hostinger-ai-title elementor-widget elementor-widget-heading\" data-id=\"ffc2b31\" data-element_type=\"widget\" data-e-type=\"widget\" data-widget_type=\"heading.default\">\n\t\t\t\t\t<h2 class=\"elementor-heading-title elementor-size-default\">Casas \u00e0 venda<\/h2>\t\t\t\t<\/div>\n\t\t\t\t<div class=\"elementor-element elementor-element-9a280ab elementor-widget elementor-widget-shortcode\" data-id=\"9a280ab\" data-element_type=\"widget\" data-e-type=\"widget\" data-widget_type=\"shortcode.default\">\n\t\t\t\t\t\t\t<div class=\"elementor-shortcode\"><div class=\"woocommerce columns-4\"><\/div><\/div>\n\t\t\t\t\t\t<\/div>\n\t\t\t\t<div class=\"elementor-element elementor-element-29944a2 hostinger-ai-cta-button elementor-widget elementor-widget-button\" data-id=\"29944a2\" data-element_type=\"widget\" data-e-type=\"widget\" data-widget_type=\"button.default\">\n\t\t\t\t\t\t\t\t\t\t<a class=\"elementor-button elementor-button-link elementor-size-sm\" href=\"https:\/\/blanchedalmond-turkey-682756.hostingersite.com\">\n\t\t\t\t\t\t<span class=\"elementor-button-content-wrapper\">\n\t\t\t\t\t\t\t\t\t<span class=\"elementor-button-text\">Veja mais op\u00e7\u00f5es no WhatsApp<\/span>\n\t\t\t\t\t<\/span>\n\t\t\t\t\t<\/a>\n\t\t\t\t\t\t\t\t<\/div>\n\t\t\t\t\t<\/div>\n\t\t\t\t<\/div>\n\t\t\t\t<\/div>\n\t\t<div class=\"elementor-element elementor-element-9f5f141 hostinger-ai-customer-reviews-6 e-flex e-con-boxed e-con e-parent\" data-id=\"9f5f141\" data-element_type=\"container\" data-e-type=\"container\">\n\t\t\t\t\t<div class=\"e-con-inner\">\n\t\t<div class=\"elementor-element elementor-element-3b6481a e-con-full e-flex e-con e-child\" data-id=\"3b6481a\" data-element_type=\"container\" data-e-type=\"container\">\n\t\t\t\t<div class=\"elementor-element elementor-element-d8e1a1e hostinger-ai-subtitle elementor-widget elementor-widget-heading\" data-id=\"d8e1a1e\" data-element_type=\"widget\" data-e-type=\"widget\" data-widget_type=\"heading.default\">\n\t\t\t\t\t<h2 class=\"elementor-heading-title elementor-size-default\">Opini\u00f5es<\/h2>\t\t\t\t<\/div>\n\t\t\t\t<\/div>\n\t\t<div class=\"elementor-element elementor-element-c9db03a e-con-full e-flex e-con e-child\" data-id=\"c9db03a\" data-element_type=\"container\" data-e-type=\"container\">\n\t\t<div class=\"elementor-element elementor-element-fbaf908 e-con-full e-grid e-con e-child\" data-id=\"fbaf908\" data-element_type=\"container\" data-e-type=\"container\">\n\t\t\t\t<div class=\"elementor-element elementor-element-142ee77 hostinger-ai-testimonial-text hostinger-index-0 elementor-widget elementor-widget-text-editor\" data-id=\"142ee77\" data-element_type=\"widget\" data-e-type=\"widget\" data-widget_type=\"text-editor.default\">\n\t\t\t\t\t\t\t\t\tA Orlando Home Connect facilitou nossa busca e encontrou a casa perfeita!\t\t\t\t\t\t\t\t<\/div>\n\t\t\t\t<div class=\"elementor-element elementor-element-9cb8d2b hostinger-ai-testimonial-text hostinger-index-1 elementor-widget elementor-widget-text-editor\" data-id=\"9cb8d2b\" data-element_type=\"widget\" data-e-type=\"widget\" data-widget_type=\"text-editor.default\">\n\t\t\t\t\t\t\t\t\tAtendimento r\u00e1pido e sempre dispon\u00edvel pelo WhatsApp, super recomendo.\t\t\t\t\t\t\t\t<\/div>\n\t\t\t\t<div class=\"elementor-element elementor-element-f74a746 hostinger-ai-testimonial-text hostinger-index-2 elementor-widget elementor-widget-text-editor\" data-id=\"f74a746\" data-element_type=\"widget\" data-e-type=\"widget\" data-widget_type=\"text-editor.default\">\n\t\t\t\t\t\t\t\t\tCom a ajuda deles, conseguimos comprar nossa casa nova em Orlando sem complica\u00e7\u00f5es, o processo foi tranquilo e transparente do come\u00e7o ao fim.\t\t\t\t\t\t\t\t<\/div>\n\t\t\t\t<\/div>\n\t\t\t\t<\/div>\n\t\t\t\t\t<\/div>\n\t\t\t\t<\/div>\n\t\t\t\t<\/div>","protected":false},"excerpt":{"rendered":"","protected":false},"author":1,"featured_media":0,"parent":0,"menu_order":0,"comment_status":"closed","ping_status":"closed","template":"","meta":{"footnotes":""},"class_list":["post-46","page","type-page","status-publish","hentry"],"_hostinger_reach_plugin_has_subscription_block":false,"_hostinger_reach_plugin_is_elementor":false,"_links":{"self":[{"href":"https:\/\/guilhermegarciarealtor.com\/en\/wp-json\/wp\/v2\/pages\/46","targetHints":{"allow":["GET"]}}],"collection":[{"href":"https:\/\/guilhermegarciarealtor.com\/en\/wp-json\/wp\/v2\/pages"}],"about":[{"href":"https:\/\/guilhermegarciarealtor.com\/en\/wp-json\/wp\/v2\/types\/page"}],"author":[{"embeddable":true,"href":"https:\/\/guilhermegarciarealtor.com\/en\/wp-json\/wp\/v2\/users\/1"}],"replies":[{"embeddable":true,"href":"https:\/\/guilhermegarciarealtor.com\/en\/wp-json\/wp\/v2\/comments?post=46"}],"version-history":[{"count":0,"href":"https:\/\/guilhermegarciarealtor.com\/en\/wp-json\/wp\/v2\/pages\/46\/revisions"}],"wp:attachment":[{"href":"https:\/\/guilhermegarciarealtor.com\/en\/wp-json\/wp\/v2\/media?parent=46"}],"curies":[{"name":"wp","href":"https:\/\/api.w.org\/{rel}","templated":true}]}}