{"id":47,"date":"2026-02-05T22:51:53","date_gmt":"2026-02-05T22:51:53","guid":{"rendered":"https:\/\/blanchedalmond-turkey-682756.hostingersite.com\/comunidades\/"},"modified":"2026-02-05T22:51:53","modified_gmt":"2026-02-05T22:51:53","slug":"comunidades","status":"publish","type":"page","link":"https:\/\/guilhermegarciarealtor.com\/en\/comunidades\/","title":{"rendered":"Comunidades"},"content":{"rendered":"<div data-elementor-type=\"wp-page\" data-elementor-id=\"47\" class=\"elementor elementor-47\">\n\t\t\t\t<div class=\"elementor-element elementor-element-3e698ec e-flex e-con-boxed e-con e-parent\" data-id=\"3e698ec\" data-element_type=\"container\" data-e-type=\"container\">\n\t\t\t\t\t<div class=\"e-con-inner\">\n\t\t<div class=\"elementor-element elementor-element-7839210 e-grid hostinger-ai-about-us-1 e-con-full e-con e-child\" data-id=\"7839210\" data-element_type=\"container\" data-e-type=\"container\">\n\t\t<div class=\"elementor-element elementor-element-ad9a1d9 e-con-full e-flex e-con e-child\" data-id=\"ad9a1d9\" data-element_type=\"container\" data-e-type=\"container\">\n\t\t\t\t<div class=\"elementor-element elementor-element-95333c8 hostinger-ai-title elementor-widget elementor-widget-heading\" data-id=\"95333c8\" data-element_type=\"widget\" data-e-type=\"widget\" data-widget_type=\"heading.default\">\n\t\t\t\t\t<h2 class=\"elementor-heading-title elementor-size-default\">Quem Somos<\/h2>\t\t\t\t<\/div>\n\t\t\t\t<\/div>\n\t\t<div class=\"elementor-element elementor-element-9b44d94 e-con-full e-flex e-con e-child\" data-id=\"9b44d94\" data-element_type=\"container\" data-e-type=\"container\">\n\t\t\t\t<div class=\"elementor-element elementor-element-efef01c hostinger-ai-description elementor-widget elementor-widget-text-editor\" data-id=\"efef01c\" data-element_type=\"widget\" data-e-type=\"widget\" data-widget_type=\"text-editor.default\">\n\t\t\t\t\t\t\t\t\tConectamos voc\u00ea \u00e0s melhores comunidades de Orlando com atendimento bil\u00edngue e suporte personalizado.\t\t\t\t\t\t\t\t<\/div>\n\t\t\t\t<\/div>\n\t\t\t\t<\/div>\n\t\t<div class=\"elementor-element elementor-element-f218336 e-grid e-con-full e-con e-child\" data-id=\"f218336\" data-element_type=\"container\" data-e-type=\"container\">\n\t\t\t\t<div class=\"elementor-element elementor-element-73cb77b hostinger-ai-image hostinger-index-6 elementor-widget elementor-widget-image\" data-id=\"73cb77b\" data-element_type=\"widget\" data-e-type=\"widget\" data-widget_type=\"image.default\">\n\t\t\t\t\t\t\t\t\t\t\t\t\t\t\t<img decoding=\"async\" src=\"https:\/\/images.unsplash.com\/photo-1619025873617-7b8f12c37578?q=85&#038;w=350&#038;h=300&#038;fit=crop\" title=\"\" alt=\"An apartment building facade with a striking orange color, featuring multiple windows and balconies. The balconies are lined with frosted glass railings, and the shadows cast by the balconies create geometric patterns on the orange walls.\" loading=\"lazy\" \/>\t\t\t\t\t\t\t\t\t\t\t\t\t\t\t<\/div>\n\t\t\t\t<div class=\"elementor-element elementor-element-c78cdc7 hostinger-ai-image hostinger-index-7 elementor-widget elementor-widget-image\" data-id=\"c78cdc7\" data-element_type=\"widget\" data-e-type=\"widget\" data-widget_type=\"image.default\">\n\t\t\t\t\t\t\t\t\t\t\t\t\t\t\t<img decoding=\"async\" src=\"https:\/\/images.unsplash.com\/photo-1649139410335-b3243cdfcfa3?q=85&#038;w=750&#038;h=300&#038;fit=crop\" title=\"\" alt=\"A row of suburban homes with manicured lawns and landscaping, featuring a concrete pathway leading to a white ornamental fountain with red flowers planted nearby. The houses have multiple stories, white or light-colored exteriors, and are arranged uniformly along the street. The sky is clear with a few clouds.\" loading=\"lazy\" \/>\t\t\t\t\t\t\t\t\t\t\t\t\t\t\t<\/div>\n\t\t\t\t<\/div>\n\t\t\t\t\t<\/div>\n\t\t\t\t<\/div>\n\t\t<div class=\"elementor-element elementor-element-8ce6fe8 e-flex e-con-boxed e-con e-parent\" data-id=\"8ce6fe8\" data-element_type=\"container\" data-e-type=\"container\">\n\t\t\t\t\t<div class=\"e-con-inner\">\n\t\t<div class=\"elementor-element elementor-element-1deaee3 e-con-full e-flex e-con e-child\" data-id=\"1deaee3\" data-element_type=\"container\" data-e-type=\"container\">\n\t\t\t\t<div class=\"elementor-element elementor-element-bc678af hostinger-ai-title elementor-widget elementor-widget-heading\" data-id=\"bc678af\" data-element_type=\"widget\" data-e-type=\"widget\" data-widget_type=\"heading.default\">\n\t\t\t\t\t<h2 class=\"elementor-heading-title elementor-size-default\">Comunidades<\/h2>\t\t\t\t<\/div>\n\t\t\t\t<div class=\"elementor-element elementor-element-c93cf7e hostinger-ai-description elementor-widget elementor-widget-heading\" data-id=\"c93cf7e\" data-element_type=\"widget\" data-e-type=\"widget\" data-widget_type=\"heading.default\">\n\t\t\t\t\t<p class=\"elementor-heading-title elementor-size-default\">Casas e bairros que fazem voc\u00ea se sentir em casa em Orlando.<\/p>\t\t\t\t<\/div>\n\t\t\t\t<\/div>\n\t\t\t\t\t<\/div>\n\t\t\t\t<\/div>\n\t\t<div class=\"elementor-element elementor-element-1e6c799 hostinger-ai-about-us-1 e-flex e-con-boxed e-con e-parent\" data-id=\"1e6c799\" data-element_type=\"container\" data-e-type=\"container\">\n\t\t\t\t\t<div class=\"e-con-inner\">\n\t\t<div class=\"elementor-element elementor-element-06c9ee1 image-row e-con-full e-flex e-con e-child\" data-id=\"06c9ee1\" data-element_type=\"container\" data-e-type=\"container\">\n\t\t\t\t<div class=\"elementor-element elementor-element-13a03ec hostinger-ai-image elementor-widget elementor-widget-image\" data-id=\"13a03ec\" data-element_type=\"widget\" data-e-type=\"widget\" data-widget_type=\"image.default\">\n\t\t\t\t\t\t\t\t\t\t\t\t\t\t\t<img decoding=\"async\" src=\"https:\/\/images.unsplash.com\/photo-1605352081508-2e09927ecfe3?q=85&#038;w=300&#038;h=400&#038;fit=crop\" title=\"\" alt=\"A two-story house with a red-tiled roof is situated by a waterfront. The house has large windows and a patio area. The surrounding area is landscaped with green grass and several tall palm trees. There is a small dock or pier extending into the water and the sky is clear and blue.\" loading=\"lazy\" \/>\t\t\t\t\t\t\t\t\t\t\t\t\t\t\t<\/div>\n\t\t\t\t<div class=\"elementor-element elementor-element-717f166 hostinger-ai-image hostinger-index-1 elementor-widget elementor-widget-image\" data-id=\"717f166\" data-element_type=\"widget\" data-e-type=\"widget\" data-widget_type=\"image.default\">\n\t\t\t\t\t\t\t\t\t\t\t\t\t\t\t<img decoding=\"async\" src=\"https:\/\/images.unsplash.com\/photo-1517541866997-ea18e32ea9e9?q=85&#038;w=800&#038;h=400&#038;fit=crop\" title=\"\" alt=\"A large, two-story beachfront house with a distinctive red roof and white exterior is situated on a sandy beach. The structure features a spacious porch and a circular screened area on one side. Surrounding the house, there are palm trees and a smaller green house is partially visible on the right side.\" loading=\"lazy\" \/>\t\t\t\t\t\t\t\t\t\t\t\t\t\t\t<\/div>\n\t\t\t\t<\/div>\n\t\t<div class=\"elementor-element elementor-element-145730b image-row e-con-full e-flex e-con e-child\" data-id=\"145730b\" data-element_type=\"container\" data-e-type=\"container\">\n\t\t\t\t<div class=\"elementor-element elementor-element-4a91f72 hostinger-ai-image hostinger-index-2 elementor-widget elementor-widget-image\" data-id=\"4a91f72\" data-element_type=\"widget\" data-e-type=\"widget\" data-widget_type=\"image.default\">\n\t\t\t\t\t\t\t\t\t\t\t\t\t\t\t<img decoding=\"async\" src=\"https:\/\/images.unsplash.com\/photo-1605352081428-500953badc02?q=85&#038;w=800&#038;h=400&#038;fit=crop\" title=\"\" alt=\"A modern waterfront house features large windows and a balcony with solar panels on the roof. Palm trees are planted in front, enhancing the tropical atmosphere. A docked motorboat is present in the adjacent waterway.\" loading=\"lazy\" \/>\t\t\t\t\t\t\t\t\t\t\t\t\t\t\t<\/div>\n\t\t\t\t<div class=\"elementor-element elementor-element-bb9a1fc hostinger-ai-image hostinger-index-3 elementor-widget elementor-widget-image\" data-id=\"bb9a1fc\" data-element_type=\"widget\" data-e-type=\"widget\" data-widget_type=\"image.default\">\n\t\t\t\t\t\t\t\t\t\t\t\t\t\t\t<img decoding=\"async\" src=\"https:\/\/images.unsplash.com\/photo-1659805770205-036b78cec78f?q=85&#038;w=300&#038;h=400&#038;fit=crop\" title=\"\" alt=\"A nighttime cityscape with a prominent red neon sign reading &#039;HOTEL FLORIDIAN.&#039; The city lights sparkle in the background under a dark sky, adding a lively yet serene ambiance. The architecture is a mix of modern and historical buildings.\" loading=\"lazy\" \/>\t\t\t\t\t\t\t\t\t\t\t\t\t\t\t<\/div>\n\t\t\t\t<\/div>\n\t\t\t\t\t<\/div>\n\t\t\t\t<\/div>\n\t\t<div class=\"elementor-element elementor-element-4432c10 e-flex e-con-boxed e-con e-parent\" data-id=\"4432c10\" data-element_type=\"container\" data-e-type=\"container\">\n\t\t\t\t\t<div class=\"e-con-inner\">\n\t\t<div class=\"elementor-element elementor-element-9bd5fc7 e-con-full e-grid e-con e-child\" data-id=\"9bd5fc7\" data-element_type=\"container\" data-e-type=\"container\">\n\t\t<div class=\"elementor-element elementor-element-89ded6c e-con-full e-flex e-con e-child\" data-id=\"89ded6c\" data-element_type=\"container\" data-e-type=\"container\">\n\t\t\t\t<div class=\"elementor-element elementor-element-914b069 hostinger-ai-title elementor-widget elementor-widget-heading\" data-id=\"914b069\" data-element_type=\"widget\" data-e-type=\"widget\" data-widget_type=\"heading.default\">\n\t\t\t\t\t<h2 class=\"elementor-heading-title elementor-size-default\">Localiza\u00e7\u00e3o<\/h2>\t\t\t\t<\/div>\n\t\t\t\t<div class=\"elementor-element elementor-element-251ae85 hostinger-ai-description elementor-widget elementor-widget-text-editor\" data-id=\"251ae85\" data-element_type=\"widget\" data-e-type=\"widget\" data-widget_type=\"text-editor.default\">\n\t\t\t\t\t\t\t\t\tIm\u00f3veis nas melhores \u00e1reas de Orlando\t\t\t\t\t\t\t\t<\/div>\n\t\t\t\t<div class=\"elementor-element elementor-element-0f97aa9 hostinger-ai-title hostinger-index-1 hostinger-ai-font-bold elementor-widget elementor-widget-heading\" data-id=\"0f97aa9\" data-element_type=\"widget\" data-e-type=\"widget\" data-widget_type=\"heading.default\">\n\t\t\t\t\t<h2 class=\"elementor-heading-title elementor-size-default\">Bairros<\/h2>\t\t\t\t<\/div>\n\t\t\t\t<div class=\"elementor-element elementor-element-82e8020 elementor-widget elementor-widget-text-editor\" data-id=\"82e8020\" data-element_type=\"widget\" data-e-type=\"widget\" data-widget_type=\"text-editor.default\">\n\t\t\t\t\t\t\t\t\t<p>697 Hilltop Street, Springfield, MA, USA<\/p>\t\t\t\t\t\t\t\t<\/div>\n\t\t\t\t<div class=\"elementor-element elementor-element-243157a hostinger-ai-title hostinger-index-2 hostinger-ai-font-bold elementor-widget elementor-widget-heading\" data-id=\"243157a\" data-element_type=\"widget\" data-e-type=\"widget\" data-widget_type=\"heading.default\">\n\t\t\t\t\t<h2 class=\"elementor-heading-title elementor-size-default\">Contato<\/h2>\t\t\t\t<\/div>\n\t\t\t\t<div class=\"elementor-element elementor-element-d02e010 elementor-widget elementor-widget-text-editor\" data-id=\"d02e010\" data-element_type=\"widget\" data-e-type=\"widget\" data-widget_type=\"text-editor.default\">\n\t\t\t\t\t\t\t\t\t<p>9am &#8211; 6pm<\/p>\t\t\t\t\t\t\t\t<\/div>\n\t\t\t\t<\/div>\n\t\t\t\t<div class=\"elementor-element elementor-element-53165b4 elementor-widget elementor-widget-html\" data-id=\"53165b4\" data-element_type=\"widget\" data-e-type=\"widget\" data-widget_type=\"html.default\">\n\t\t\t\t\t<iframe src=\"https:\/\/www.google.com\/maps\/embed?pb=!1m14!1m8!1m3!1d47368.39682225005!2d-72.489385!3d42.09623!3m2!1i1024!2i768!4f13.1!3m3!1m2!1s0x89e6e85bbff73363%3A0x5241d930e1909b8f!2sHilltop%20St%2C%20Springfield%2C%20MA%2001128!5e0!3m2!1sen!2sus!4v1722498156021!5m2!1sen!2sus\" height=\"450\" style=\"width: 100%; min-width: 100%; border:0;\" allowfullscreen=\"\" loading=\"lazy\" referrerpolicy=\"no-referrer-when-downgrade\"><\/iframe>\t\t\t\t<\/div>\n\t\t\t\t<\/div>\n\t\t\t\t\t<\/div>\n\t\t\t\t<\/div>\n\t\t<div class=\"elementor-element elementor-element-65a4741 hostinger-ai-customer-reviews-5 e-grid e-con-boxed e-con e-parent\" data-id=\"65a4741\" data-element_type=\"container\" data-e-type=\"container\" data-settings=\"{&quot;background_background&quot;:&quot;classic&quot;}\">\n\t\t\t\t\t<div class=\"e-con-inner\">\n\t\t<div class=\"elementor-element elementor-element-56e35bb e-con-full e-flex e-con e-child\" data-id=\"56e35bb\" data-element_type=\"container\" data-e-type=\"container\">\n\t\t<div class=\"elementor-element elementor-element-a0c8192 e-con-full e-flex e-con e-child\" data-id=\"a0c8192\" data-element_type=\"container\" data-e-type=\"container\">\n\t\t\t\t<div class=\"elementor-element elementor-element-839972e hostinger-ai-subtitle elementor-widget elementor-widget-heading\" data-id=\"839972e\" data-element_type=\"widget\" data-e-type=\"widget\" data-widget_type=\"heading.default\">\n\t\t\t\t\t<p class=\"elementor-heading-title elementor-size-default\">Opini\u00f5es reais<\/p>\t\t\t\t<\/div>\n\t\t\t\t<\/div>\n\t\t<div class=\"elementor-element elementor-element-90f8616 e-con-full e-flex e-con e-child\" data-id=\"90f8616\" data-element_type=\"container\" data-e-type=\"container\">\n\t\t\t\t<div class=\"elementor-element elementor-element-2ca7007 hostinger-ai-testimonial-text hostinger-ai-font-bold hostinger-index-2 elementor-widget elementor-widget-heading\" data-id=\"2ca7007\" data-element_type=\"widget\" data-e-type=\"widget\" data-widget_type=\"heading.default\">\n\t\t\t\t\t<p class=\"elementor-heading-title elementor-size-default\">A ajuda da Orlando Home Connect foi essencial para encontrar nossa casa perfeita em Orlando. Atendimento r\u00e1pido e muito atencioso!<\/p>\t\t\t\t<\/div>\n\t\t\t\t<\/div>\n\t\t\t\t<\/div>\n\t\t\t\t\t<\/div>\n\t\t\t\t<\/div>\n\t\t\t\t<\/div>","protected":false},"excerpt":{"rendered":"","protected":false},"author":1,"featured_media":0,"parent":0,"menu_order":0,"comment_status":"closed","ping_status":"closed","template":"","meta":{"footnotes":""},"class_list":["post-47","page","type-page","status-publish","hentry"],"_hostinger_reach_plugin_has_subscription_block":false,"_hostinger_reach_plugin_is_elementor":false,"_links":{"self":[{"href":"https:\/\/guilhermegarciarealtor.com\/en\/wp-json\/wp\/v2\/pages\/47","targetHints":{"allow":["GET"]}}],"collection":[{"href":"https:\/\/guilhermegarciarealtor.com\/en\/wp-json\/wp\/v2\/pages"}],"about":[{"href":"https:\/\/guilhermegarciarealtor.com\/en\/wp-json\/wp\/v2\/types\/page"}],"author":[{"embeddable":true,"href":"https:\/\/guilhermegarciarealtor.com\/en\/wp-json\/wp\/v2\/users\/1"}],"replies":[{"embeddable":true,"href":"https:\/\/guilhermegarciarealtor.com\/en\/wp-json\/wp\/v2\/comments?post=47"}],"version-history":[{"count":0,"href":"https:\/\/guilhermegarciarealtor.com\/en\/wp-json\/wp\/v2\/pages\/47\/revisions"}],"wp:attachment":[{"href":"https:\/\/guilhermegarciarealtor.com\/en\/wp-json\/wp\/v2\/media?parent=47"}],"curies":[{"name":"wp","href":"https:\/\/api.w.org\/{rel}","templated":true}]}}