{"id":49,"date":"2026-02-05T22:51:56","date_gmt":"2026-02-05T22:51:56","guid":{"rendered":"https:\/\/blanchedalmond-turkey-682756.hostingersite.com\/depoimentos\/"},"modified":"2026-02-05T22:51:56","modified_gmt":"2026-02-05T22:51:56","slug":"depoimentos","status":"publish","type":"page","link":"https:\/\/guilhermegarciarealtor.com\/en\/depoimentos\/","title":{"rendered":"Depoimentos"},"content":{"rendered":"<div data-elementor-type=\"wp-page\" data-elementor-id=\"49\" class=\"elementor elementor-49\">\n\t\t\t\t<div class=\"elementor-element elementor-element-9f5f141 hostinger-ai-customer-reviews-6 e-flex e-con-boxed e-con e-parent\" data-id=\"9f5f141\" data-element_type=\"container\" data-e-type=\"container\">\n\t\t\t\t\t<div class=\"e-con-inner\">\n\t\t<div class=\"elementor-element elementor-element-3b6481a e-con-full e-flex e-con e-child\" data-id=\"3b6481a\" data-element_type=\"container\" data-e-type=\"container\">\n\t\t\t\t<div class=\"elementor-element elementor-element-d8e1a1e hostinger-ai-subtitle elementor-widget elementor-widget-heading\" data-id=\"d8e1a1e\" data-element_type=\"widget\" data-e-type=\"widget\" data-widget_type=\"heading.default\">\n\t\t\t\t\t<h2 class=\"elementor-heading-title elementor-size-default\">Opini\u00f5es reais<\/h2>\t\t\t\t<\/div>\n\t\t\t\t<\/div>\n\t\t<div class=\"elementor-element elementor-element-c9db03a e-con-full e-flex e-con e-child\" data-id=\"c9db03a\" data-element_type=\"container\" data-e-type=\"container\">\n\t\t<div class=\"elementor-element elementor-element-fbaf908 e-con-full e-grid e-con e-child\" data-id=\"fbaf908\" data-element_type=\"container\" data-e-type=\"container\">\n\t\t\t\t<div class=\"elementor-element elementor-element-142ee77 hostinger-ai-testimonial-text hostinger-index-0 elementor-widget elementor-widget-text-editor\" data-id=\"142ee77\" data-element_type=\"widget\" data-e-type=\"widget\" data-widget_type=\"text-editor.default\">\n\t\t\t\t\t\t\t\t\tAjudaram a encontrar a casa perfeita em Orlando com muita paci\u00eancia e aten\u00e7\u00e3o.\t\t\t\t\t\t\t\t<\/div>\n\t\t\t\t<div class=\"elementor-element elementor-element-9cb8d2b hostinger-ai-testimonial-text hostinger-index-1 elementor-widget elementor-widget-text-editor\" data-id=\"9cb8d2b\" data-element_type=\"widget\" data-e-type=\"widget\" data-widget_type=\"text-editor.default\">\n\t\t\t\t\t\t\t\t\tExcelente suporte durante todo o processo, sempre dispon\u00edveis no WhatsApp para d\u00favidas.\t\t\t\t\t\t\t\t<\/div>\n\t\t\t\t<div class=\"elementor-element elementor-element-f74a746 hostinger-ai-testimonial-text hostinger-index-2 elementor-widget elementor-widget-text-editor\" data-id=\"f74a746\" data-element_type=\"widget\" data-e-type=\"widget\" data-widget_type=\"text-editor.default\">\n\t\t\t\t\t\t\t\t\tCom a Orlando Home Connect, vendi meu im\u00f3vel r\u00e1pido e sem complica\u00e7\u00f5es, recomendo muito para quem quer agilidade e confian\u00e7a.\t\t\t\t\t\t\t\t<\/div>\n\t\t\t\t<\/div>\n\t\t\t\t<\/div>\n\t\t\t\t\t<\/div>\n\t\t\t\t<\/div>\n\t\t<div class=\"elementor-element elementor-element-c4928f8 e-flex e-con-boxed e-con e-parent\" data-id=\"c4928f8\" data-element_type=\"container\" data-e-type=\"container\">\n\t\t\t\t\t<div class=\"e-con-inner\">\n\t\t<div class=\"elementor-element elementor-element-0c29d62 e-con-full e-flex e-con e-child\" data-id=\"0c29d62\" data-element_type=\"container\" data-e-type=\"container\">\n\t\t\t\t<div class=\"elementor-element elementor-element-4d60447 hostinger-ai-title elementor-widget elementor-widget-heading\" data-id=\"4d60447\" data-element_type=\"widget\" data-e-type=\"widget\" data-widget_type=\"heading.default\">\n\t\t\t\t\t<h2 class=\"elementor-heading-title elementor-size-default\">Clientes Felizes<\/h2>\t\t\t\t<\/div>\n\t\t\t\t<div class=\"elementor-element elementor-element-1aaf7d2 hostinger-ai-description elementor-widget elementor-widget-heading\" data-id=\"1aaf7d2\" data-element_type=\"widget\" data-e-type=\"widget\" data-widget_type=\"heading.default\">\n\t\t\t\t\t<p class=\"elementor-heading-title elementor-size-default\">Momentos especiais de quem encontrou seu lar com a Orlando Home Connect.<\/p>\t\t\t\t<\/div>\n\t\t\t\t<\/div>\n\t\t\t\t\t<\/div>\n\t\t\t\t<\/div>\n\t\t<div class=\"elementor-element elementor-element-fc09162 hostinger-ai-about-us-1 e-flex e-con-boxed e-con e-parent\" data-id=\"fc09162\" data-element_type=\"container\" data-e-type=\"container\">\n\t\t\t\t\t<div class=\"e-con-inner\">\n\t\t<div class=\"elementor-element elementor-element-aca1fb4 image-row e-con-full e-grid e-con e-child\" data-id=\"aca1fb4\" data-element_type=\"container\" data-e-type=\"container\">\n\t\t\t\t<div class=\"elementor-element elementor-element-9b050b9 hostinger-ai-image hostinger-index-4 elementor-widget elementor-widget-image\" data-id=\"9b050b9\" data-element_type=\"widget\" data-e-type=\"widget\" data-widget_type=\"image.default\">\n\t\t\t\t\t\t\t\t\t\t\t\t\t\t\t<img decoding=\"async\" src=\"https:\/\/images.unsplash.com\/photo-1620457457375-a86ac89c1afa?q=85&#038;w=275&#038;h=600&#038;fit=crop\" title=\"\" alt=\"A residential street lined with brick houses stretches into the distance under a partly cloudy sky. A large tree without leaves stands tall on the right side, casting long shadows on the wet pavement. For sale signs are visible in front of the houses, indicating real estate activity. The sunlight filters through the branches, creating a serene atmosphere.\" loading=\"lazy\" \/>\t\t\t\t\t\t\t\t\t\t\t\t\t\t\t<\/div>\n\t\t\t\t<div class=\"elementor-element elementor-element-ec06f28 hostinger-ai-image hostinger-index-5 elementor-widget elementor-widget-image\" data-id=\"ec06f28\" data-element_type=\"widget\" data-e-type=\"widget\" data-widget_type=\"image.default\">\n\t\t\t\t\t\t\t\t\t\t\t\t\t\t\t<img decoding=\"async\" src=\"https:\/\/images.unsplash.com\/photo-1556428829-6b700f5b33b0?q=85&#038;w=275&#038;h=600&#038;fit=crop\" title=\"\" alt=\"A tall apartment building with a brown and yellow facade stands against a clear blue sky. In front of the building, a large palm tree casts a shadow across the structure. The building has multiple balconies and windows, with a &#039;for sale&#039; sign displayed on one of the balconies.\" loading=\"lazy\" \/>\t\t\t\t\t\t\t\t\t\t\t\t\t\t\t<\/div>\n\t\t\t\t<div class=\"elementor-element elementor-element-3dd632b hostinger-ai-image hostinger-index-6 elementor-widget elementor-widget-image\" data-id=\"3dd632b\" data-element_type=\"widget\" data-e-type=\"widget\" data-widget_type=\"image.default\">\n\t\t\t\t\t\t\t\t\t\t\t\t\t\t\t<img decoding=\"async\" src=\"https:\/\/images.unsplash.com\/photo-1502651878430-968568aed828?q=85&#038;w=275&#038;h=600&#038;fit=crop\" title=\"\" alt=\"A multi-story residential building with pink stucco walls and terracotta-style roofs. The building features several balconies, many with green awnings. In the foreground, there are tall palm trees and a gated entrance with a guardhouse that includes a small covered structure. The sky above is mostly clear with a few scattered clouds.\" loading=\"lazy\" \/>\t\t\t\t\t\t\t\t\t\t\t\t\t\t\t<\/div>\n\t\t\t\t<div class=\"elementor-element elementor-element-d061980 hostinger-ai-image hostinger-index-7 elementor-widget elementor-widget-image\" data-id=\"d061980\" data-element_type=\"widget\" data-e-type=\"widget\" data-widget_type=\"image.default\">\n\t\t\t\t\t\t\t\t\t\t\t\t\t\t\t<img decoding=\"async\" src=\"https:\/\/images.unsplash.com\/photo-1685219789185-15f3fab44379?q=85&#038;w=275&#038;h=600&#038;fit=crop\" title=\"\" alt=\"A view of the upper floors of a light-colored building with multiple windows and ornate architectural details. A red and white &#039;For Sale&#039; sign with contact information is visible on the building&#039;s facade. The building is surrounded by greenery, and there are overhead utility lines. The sky above is partly cloudy with patches of blue.\" loading=\"lazy\" \/>\t\t\t\t\t\t\t\t\t\t\t\t\t\t\t<\/div>\n\t\t\t\t<\/div>\n\t\t\t\t\t<\/div>\n\t\t\t\t<\/div>\n\t\t\t\t<\/div>","protected":false},"excerpt":{"rendered":"","protected":false},"author":1,"featured_media":0,"parent":0,"menu_order":0,"comment_status":"closed","ping_status":"closed","template":"","meta":{"footnotes":""},"class_list":["post-49","page","type-page","status-publish","hentry"],"_hostinger_reach_plugin_has_subscription_block":false,"_hostinger_reach_plugin_is_elementor":false,"_links":{"self":[{"href":"https:\/\/guilhermegarciarealtor.com\/en\/wp-json\/wp\/v2\/pages\/49","targetHints":{"allow":["GET"]}}],"collection":[{"href":"https:\/\/guilhermegarciarealtor.com\/en\/wp-json\/wp\/v2\/pages"}],"about":[{"href":"https:\/\/guilhermegarciarealtor.com\/en\/wp-json\/wp\/v2\/types\/page"}],"author":[{"embeddable":true,"href":"https:\/\/guilhermegarciarealtor.com\/en\/wp-json\/wp\/v2\/users\/1"}],"replies":[{"embeddable":true,"href":"https:\/\/guilhermegarciarealtor.com\/en\/wp-json\/wp\/v2\/comments?post=49"}],"version-history":[{"count":0,"href":"https:\/\/guilhermegarciarealtor.com\/en\/wp-json\/wp\/v2\/pages\/49\/revisions"}],"wp:attachment":[{"href":"https:\/\/guilhermegarciarealtor.com\/en\/wp-json\/wp\/v2\/media?parent=49"}],"curies":[{"name":"wp","href":"https:\/\/api.w.org\/{rel}","templated":true}]}}